{"id":21,"date":"2023-04-19T20:41:14","date_gmt":"2023-04-19T20:41:14","guid":{"rendered":"https:\/\/x99.fi\/?page_id=21"},"modified":"2023-04-27T21:20:00","modified_gmt":"2023-04-27T21:20:00","slug":"x-99-veneena","status":"publish","type":"page","link":"https:\/\/x99.fi\/index.php\/x-99-veneena\/","title":{"rendered":"X-99 veneen\u00e4"},"content":{"rendered":"\n<figure class=\"wp-block-image size-full\"><img loading=\"lazy\" decoding=\"async\" width=\"585\" height=\"700\" src=\"https:\/\/x99.fi\/wp-content\/uploads\/2023\/04\/image-2.png\" alt=\"\" class=\"wp-image-23\" srcset=\"https:\/\/x99.fi\/wp-content\/uploads\/2023\/04\/image-2.png 585w, https:\/\/x99.fi\/wp-content\/uploads\/2023\/04\/image-2-251x300.png 251w\" sizes=\"auto, (max-width: 585px) 100vw, 585px\" \/><\/figure>\n\n\n\n<p>Kaikki kunnia tasoituss\u00e4\u00e4nn\u00f6ille, jotka tekev\u00e4t mahdolliseksi erityyppisten veneiden kilpailemisen kesken\u00e4\u00e4n, mutta veneiden ollessa kesken\u00e4\u00e4n samanlaisia kisa on varmasti j\u00e4nnitt\u00e4v\u00e4mp\u00e4\u00e4 ja oikeudenmukaisempaa. Lis\u00e4ksi purjehtijana kehittyminen on huikeasti nopeampaa, palkitsevampaa ja hauskempaa samanlaisia veneit\u00e4 vastaan kisatessa.<\/p>\n\n\n\n<p>X-99 on hauska ja urheilullinen vene, joka toimii hyvin my\u00f6s matkapurjehduksessa.<\/p>\n\n\n\n<p>P\u00e4\u00e4mitat ovat seuraavat:<\/p>\n\n\n\n<ul class=\"wp-block-list\">\n<li>Pituus 10,0 m<\/li>\n\n\n\n<li>Vesilinjan pituus 8,5 m<\/li>\n\n\n\n<li>Suurin leveys 3,0 m<\/li>\n\n\n\n<li>Syv\u00e4ys 1,75 m<\/li>\n\n\n\n<li>Seisomakorkeus 1,8 m<\/li>\n\n\n\n<li>K\u00f6lipaino 1150 kg<\/li>\n\n\n\n<li>Uppouma 2980 kg<\/li>\n\n\n\n<li>Isopurje 32,2 m2<\/li>\n\n\n\n<li>Genoa I 150% 30,0 m2<\/li>\n\n\n\n<li>Genoa III 100% 20,0 m2<\/li>\n\n\n\n<li>Myrskyfokka 8,5 m2<\/li>\n\n\n\n<li>Spinakkeri 78 m2<\/li>\n<\/ul>\n\n\n\n<p>Itse konstruktio juontaa juurensa 80-luvun puoliv\u00e4liin, jolloin markkinoilla oli kysynt\u00e4\u00e4 X-79:n kaltaiselle, mutta isommalle, noin 10 m pitk\u00e4lle veneelle.<\/p>\n\n\n\n<p>Haluttiin yksityyppivene joka oli nopeampi kuin muut aikansa vastaavankokoiset veneet (lue 3\/4 tonnarit), mutta kuitenkin matkapurjehdusominaisuudet s\u00e4ilytt\u00e4en. Vuonna 1985 tehtiin ensimm\u00e4inen prototyyppi ja venett\u00e4 myytiin viikossa 100 kappaletta. Veneell\u00e4 oli tosiaankin &#8220;sosiaalinen&#8221; tilaus. Nyt venett\u00e4 on valmistettu yli 600 kappaletta!<\/p>\n","protected":false},"excerpt":{"rendered":"<p>Kaikki kunnia tasoituss\u00e4\u00e4nn\u00f6ille, jotka tekev\u00e4t mahdolliseksi erityyppisten veneiden kilpailemisen kesken\u00e4\u00e4n, mutta veneiden ollessa kesken\u00e4\u00e4n samanlaisia kisa on varmasti j\u00e4nnitt\u00e4v\u00e4mp\u00e4\u00e4 ja oikeudenmukaisempaa. Lis\u00e4ksi purjehtijana kehittyminen on huikeasti nopeampaa, palkitsevampaa ja hauskempaa samanlaisia veneit\u00e4 vastaan kisatessa. X-99 on hauska ja urheilullinen vene, joka toimii hyvin my\u00f6s matkapurjehduksessa. P\u00e4\u00e4mitat ovat seuraavat: Itse konstruktio juontaa juurensa 80-luvun puoliv\u00e4liin, jolloin [&hellip;]<\/p>\n","protected":false},"author":1,"featured_media":0,"parent":0,"menu_order":0,"comment_status":"closed","ping_status":"closed","template":"","meta":{"footnotes":""},"class_list":["post-21","page","type-page","status-publish","hentry"],"_links":{"self":[{"href":"https:\/\/x99.fi\/index.php\/wp-json\/wp\/v2\/pages\/21","targetHints":{"allow":["GET"]}}],"collection":[{"href":"https:\/\/x99.fi\/index.php\/wp-json\/wp\/v2\/pages"}],"about":[{"href":"https:\/\/x99.fi\/index.php\/wp-json\/wp\/v2\/types\/page"}],"author":[{"embeddable":true,"href":"https:\/\/x99.fi\/index.php\/wp-json\/wp\/v2\/users\/1"}],"replies":[{"embeddable":true,"href":"https:\/\/x99.fi\/index.php\/wp-json\/wp\/v2\/comments?post=21"}],"version-history":[{"count":2,"href":"https:\/\/x99.fi\/index.php\/wp-json\/wp\/v2\/pages\/21\/revisions"}],"predecessor-version":[{"id":103,"href":"https:\/\/x99.fi\/index.php\/wp-json\/wp\/v2\/pages\/21\/revisions\/103"}],"wp:attachment":[{"href":"https:\/\/x99.fi\/index.php\/wp-json\/wp\/v2\/media?parent=21"}],"curies":[{"name":"wp","href":"https:\/\/api.w.org\/{rel}","templated":true}]}}