{"id":25,"date":"2023-04-19T21:01:20","date_gmt":"2023-04-19T21:01:20","guid":{"rendered":"https:\/\/x99.fi\/?page_id=25"},"modified":"2025-03-16T13:04:55","modified_gmt":"2025-03-16T13:04:55","slug":"kilpailut","status":"publish","type":"page","link":"https:\/\/x99.fi\/index.php\/kilpailut\/","title":{"rendered":"Kilpailut"},"content":{"rendered":"\n<p><strong>2025 Kisasuunnitelma<\/strong><\/p>\n\n\n\n<p>Suunnitelmissa on kaksi puhdasta yksityyppitapahtumaa ja osallistuminen Avomeripurjehtijoiden rankingosakilpailuihin seuraavasti:<\/p>\n\n\n\n<p>-17-18.5 OD kisaviikonloppu 1<\/p>\n\n\n\n<p>-24-25.5 Em\u00e4salon lenkki<\/p>\n\n\n\n<p>-6-8.6 Espoo-Naissaari race<\/p>\n\n\n\n<p>-29.6-2.7 Gotland runt<\/p>\n\n\n\n<p>-17.8 Pentala-Nokkala kisa<\/p>\n\n\n\n<p>-22-24.8 Helsinki-Tallinna race<\/p>\n\n\n\n<p>-13-14.9 OD kisaviikonloppu 2<\/p>\n\n\n\n<p>-4.10 Karvalakkikilpailu<\/p>\n\n\n\n<p>Lis\u00e4ksi ainakin Black Pearl osallistuu useampaan muuhun ranking-osakilpailuun ja muutkin X-99:t kisaavat paikallisesti<\/p>\n\n\n\n<p><\/p>\n\n\n\n<p><strong>2024 kisat<\/strong><\/p>\n\n\n\n<p>2024 kisakaudella veneit\u00e4 n\u00e4htiin monessa eri kisassa.<\/p>\n\n\n\n<p>Tarkoituksena oli kokoontua seuraaviin kisoihin kotimaassa:<\/p>\n\n\n\n<ul class=\"wp-block-list\">\n<li>OD-viikonloppu 1 First 36.7, First 31.7 ja Albin Express-luokkien kanssa, 25-26.5<\/li>\n\n\n\n<li>Espoo-Naissaari race, 7-9.6<\/li>\n\n\n\n<li>Pentala-Nokkala kisa 17.8<\/li>\n\n\n\n<li>Helsinki Tallinna race 23-25.8<\/li>\n\n\n\n<li>Round Bengtsk\u00e4r 6-8.9<\/li>\n\n\n\n<li>OD-viikonloppu 2 First 36.7, First 31.7 ja Albin Express-luokkien kanssa, 31.8-1.9<\/li>\n<\/ul>\n\n\n\n<p>N\u00e4ist\u00e4 muutama peruuntui.<\/p>\n\n\n\n<p>Lis\u00e4ksi X-99 Black Pearl purjehti RORC:in 600 mpk:n Baltic Sea Racen ja Saksassa j\u00e4rjestettiin osana<\/p>\n\n\n\n<p><\/p>\n\n\n\n<p><strong>2023<\/strong> on taas tarkoitus ajaa rankingsarja pitk\u00e4st\u00e4 aikaa!<\/p>\n\n\n\n<ul class=\"wp-block-list\">\n<li>27-27.5 <a href=\"https:\/\/www.manage2sail.com\/en-US\/event\/Mkevat23#!\/\" target=\"_blank\" rel=\"noreferrer noopener\">M Kev\u00e4tregatta<\/a><\/li>\n\n\n\n<li>17-18.6 <a href=\"https:\/\/www.manage2sail.com\/en-US\/event\/206d04ec-32c9-4417-8ac9-10f96b730c9f#!\/\" target=\"_blank\" rel=\"noreferrer noopener\">Helsinki regatta for keelboats<\/a><\/li>\n\n\n\n<li>2.9 Harken Race<\/li>\n\n\n\n<li>9-10.9 Drums\u00f6regattan<\/li>\n<\/ul>\n\n\n\n<p><\/p>\n\n\n\n<p>Lis\u00e4ksi X-99:ll\u00e4 on oma luokka keskiviikkoisin purjehdittavissa <a rel=\"noreferrer noopener\" href=\"https:\/\/www.manage2sail.com\/en-US\/event\/a7c829a6-1c28-41b1-a465-afe8285abe93#!\/\" target=\"_blank\">Ferry Island Wednesday races<\/a> harjoituskisoissa ja ysiysej\u00e4 n\u00e4hd\u00e4\u00e4n my\u00f6s mm. <a rel=\"noreferrer noopener\" href=\"https:\/\/www.manage2sail.com\/en-US\/event\/KLVnTiistikset2023#!\/\" target=\"_blank\">KLV:n tiistaikisoissa<\/a> ja <a href=\"https:\/\/www.manage2sail.com\/en-US\/event\/HLKK23#!\/\" target=\"_blank\" rel=\"noreferrer noopener\">Haukilahden keskiviikkokisoissa<\/a>.<\/p>\n\n\n\n<p><\/p>\n\n\n\n<p>Edellisten vuosien tuloksia: TULOSSA<\/p>\n\n\n\n<p>2013<\/p>\n","protected":false},"excerpt":{"rendered":"<p>2025 Kisasuunnitelma Suunnitelmissa on kaksi puhdasta yksityyppitapahtumaa ja osallistuminen Avomeripurjehtijoiden rankingosakilpailuihin seuraavasti: -17-18.5 OD kisaviikonloppu 1 -24-25.5 Em\u00e4salon lenkki -6-8.6 Espoo-Naissaari race -29.6-2.7 Gotland runt -17.8 Pentala-Nokkala kisa -22-24.8 Helsinki-Tallinna race -13-14.9 OD kisaviikonloppu 2 -4.10 Karvalakkikilpailu Lis\u00e4ksi ainakin Black Pearl osallistuu useampaan muuhun ranking-osakilpailuun ja muutkin X-99:t kisaavat paikallisesti 2024 kisat 2024 kisakaudella veneit\u00e4 [&hellip;]<\/p>\n","protected":false},"author":1,"featured_media":0,"parent":0,"menu_order":0,"comment_status":"closed","ping_status":"closed","template":"","meta":{"footnotes":""},"class_list":["post-25","page","type-page","status-publish","hentry"],"_links":{"self":[{"href":"https:\/\/x99.fi\/index.php\/wp-json\/wp\/v2\/pages\/25","targetHints":{"allow":["GET"]}}],"collection":[{"href":"https:\/\/x99.fi\/index.php\/wp-json\/wp\/v2\/pages"}],"about":[{"href":"https:\/\/x99.fi\/index.php\/wp-json\/wp\/v2\/types\/page"}],"author":[{"embeddable":true,"href":"https:\/\/x99.fi\/index.php\/wp-json\/wp\/v2\/users\/1"}],"replies":[{"embeddable":true,"href":"https:\/\/x99.fi\/index.php\/wp-json\/wp\/v2\/comments?post=25"}],"version-history":[{"count":9,"href":"https:\/\/x99.fi\/index.php\/wp-json\/wp\/v2\/pages\/25\/revisions"}],"predecessor-version":[{"id":117,"href":"https:\/\/x99.fi\/index.php\/wp-json\/wp\/v2\/pages\/25\/revisions\/117"}],"wp:attachment":[{"href":"https:\/\/x99.fi\/index.php\/wp-json\/wp\/v2\/media?parent=25"}],"curies":[{"name":"wp","href":"https:\/\/api.w.org\/{rel}","templated":true}]}}