{"id":98,"date":"2023-04-27T21:14:13","date_gmt":"2023-04-27T21:14:13","guid":{"rendered":"https:\/\/x99.fi\/?page_id=98"},"modified":"2023-04-27T21:23:21","modified_gmt":"2023-04-27T21:23:21","slug":"matkapurjehdus","status":"publish","type":"page","link":"https:\/\/x99.fi\/index.php\/matkapurjehdus\/","title":{"rendered":"Matkapurjehdus"},"content":{"rendered":"\n<p>X-99 on mainio vene matkapurjehdukseen! Makuupaikkoja on 6 ja tarvittaessa mahtuu v\u00e4h\u00e4n enemm\u00e4nkin&#8230; Vene on my\u00f6s merikelpoinen ja hyvin rakennettu, joten sill\u00e4 uskaltaa kiert\u00e4\u00e4 It\u00e4merta ja kokea uskomaton saaristomme.<\/p>\n\n\n\n<figure class=\"wp-block-image size-large\"><img loading=\"lazy\" decoding=\"async\" width=\"1024\" height=\"576\" src=\"https:\/\/x99.fi\/wp-content\/uploads\/2023\/04\/20220714_224704-1024x576.jpg\" alt=\"\" class=\"wp-image-100\" srcset=\"https:\/\/x99.fi\/wp-content\/uploads\/2023\/04\/20220714_224704-1024x576.jpg 1024w, https:\/\/x99.fi\/wp-content\/uploads\/2023\/04\/20220714_224704-300x169.jpg 300w, https:\/\/x99.fi\/wp-content\/uploads\/2023\/04\/20220714_224704-768x432.jpg 768w, https:\/\/x99.fi\/wp-content\/uploads\/2023\/04\/20220714_224704-1536x864.jpg 1536w, https:\/\/x99.fi\/wp-content\/uploads\/2023\/04\/20220714_224704-2048x1152.jpg 2048w\" sizes=\"auto, (max-width: 1024px) 100vw, 1024px\" \/><\/figure>\n","protected":false},"excerpt":{"rendered":"<p>X-99 on mainio vene matkapurjehdukseen! Makuupaikkoja on 6 ja tarvittaessa mahtuu v\u00e4h\u00e4n enemm\u00e4nkin&#8230; Vene on my\u00f6s merikelpoinen ja hyvin rakennettu, joten sill\u00e4 uskaltaa kiert\u00e4\u00e4 It\u00e4merta ja kokea uskomaton saaristomme.<\/p>\n","protected":false},"author":1,"featured_media":0,"parent":0,"menu_order":0,"comment_status":"closed","ping_status":"closed","template":"","meta":{"footnotes":""},"class_list":["post-98","page","type-page","status-publish","hentry"],"_links":{"self":[{"href":"https:\/\/x99.fi\/index.php\/wp-json\/wp\/v2\/pages\/98","targetHints":{"allow":["GET"]}}],"collection":[{"href":"https:\/\/x99.fi\/index.php\/wp-json\/wp\/v2\/pages"}],"about":[{"href":"https:\/\/x99.fi\/index.php\/wp-json\/wp\/v2\/types\/page"}],"author":[{"embeddable":true,"href":"https:\/\/x99.fi\/index.php\/wp-json\/wp\/v2\/users\/1"}],"replies":[{"embeddable":true,"href":"https:\/\/x99.fi\/index.php\/wp-json\/wp\/v2\/comments?post=98"}],"version-history":[{"count":3,"href":"https:\/\/x99.fi\/index.php\/wp-json\/wp\/v2\/pages\/98\/revisions"}],"predecessor-version":[{"id":105,"href":"https:\/\/x99.fi\/index.php\/wp-json\/wp\/v2\/pages\/98\/revisions\/105"}],"wp:attachment":[{"href":"https:\/\/x99.fi\/index.php\/wp-json\/wp\/v2\/media?parent=98"}],"curies":[{"name":"wp","href":"https:\/\/api.w.org\/{rel}","templated":true}]}}